{"id":892,"date":"2020-05-25T17:44:46","date_gmt":"2020-05-25T17:44:46","guid":{"rendered":"https:\/\/balearic-lighthouse.com\/?page_id=892"},"modified":"2020-05-25T17:48:24","modified_gmt":"2020-05-25T17:48:24","slug":"hand-made","status":"publish","type":"page","link":"https:\/\/balearic-lighthouse.com\/en\/hand-made\/","title":{"rendered":"HAND-MADE"},"content":{"rendered":"<p>[et_pb_section fb_built=&#8221;1&#8243; admin_label=&#8221;Fun Fact Section&#8221; _builder_version=&#8221;3.22&#8243; background_color=&#8221;#fcd21d&#8221; custom_margin=&#8221;|||&#8221; custom_padding=&#8221;60px||71px|&#8221;][et_pb_row admin_label=&#8221;Service Section Title&#8221; _builder_version=&#8221;3.25&#8243; custom_margin=&#8221;||40px|&#8221; animation_style=&#8221;fade&#8221; animation_direction=&#8221;top&#8221; saved_tabs=&#8221;all&#8221;][et_pb_column type=&#8221;4_4&#8243; _builder_version=&#8221;3.25&#8243; custom_padding=&#8221;|||&#8221; custom_padding__hover=&#8221;|||&#8221;][et_pb_text admin_label=&#8221;Title&#8221; _builder_version=&#8221;4.4.6&#8243; text_font=&#8221;Montserrat||||||||&#8221; text_text_color=&#8221;#747d88&#8243; text_font_size=&#8221;16px&#8221; text_line_height=&#8221;1.9em&#8221; header_font=&#8221;||||||||&#8221; header_2_font=&#8221;Montserrat|700||on|||||&#8221; header_2_font_size=&#8221;42px&#8221; header_2_line_height=&#8221;1.3em&#8221; text_orientation=&#8221;center&#8221; max_width=&#8221;700px&#8221; module_alignment=&#8221;center&#8221; animation_style=&#8221;slide&#8221; animation_direction=&#8221;bottom&#8221; animation_intensity_slide=&#8221;4%&#8221; hover_enabled=&#8221;0&#8243;]<\/p>\n<h2><span color=\"#ffffff\" style=\"color: #ffffff;\">HAND-<\/span>MADE<\/h2>\n<p>[\/et_pb_text][et_pb_text admin_label=&#8221;Subtitle&#8221; _builder_version=&#8221;4.4.6&#8243; text_font=&#8221;Montserrat||||&#8221; text_text_color=&#8221;#353740&#8243; text_font_size=&#8221;16px&#8221; text_line_height=&#8221;1.8em&#8221; header_font=&#8221;||||||||&#8221; text_orientation=&#8221;center&#8221; max_width=&#8221;700px&#8221; module_alignment=&#8221;center&#8221; custom_margin=&#8221;|||&#8221; animation_style=&#8221;slide&#8221; animation_direction=&#8221;bottom&#8221; animation_delay=&#8221;100ms&#8221; animation_intensity_slide=&#8221;4%&#8221; hover_enabled=&#8221;0&#8243;]<\/p>\n<p>We give life to our own and innovative projects. Our lighting systems provide a special and unique touch.<\/p>\n<p>[\/et_pb_text][\/et_pb_column][\/et_pb_row][\/et_pb_section][et_pb_section fb_built=&#8221;1&#8243; admin_label=&#8221;Latest Work Section&#8221; _builder_version=&#8221;3.22&#8243; background_color=&#8221;#f7f7f7&#8243; custom_padding=&#8221;0px||5px|&#8221;][et_pb_row use_custom_gutter=&#8221;on&#8221; gutter_width=&#8221;1&#8243; admin_label=&#8221;Feature&#8221; module_class=&#8221; et_pb_row_fullwidth&#8221; _builder_version=&#8221;3.25&#8243; width=&#8221;100%&#8221; width_tablet=&#8221;100%&#8221; width_last_edited=&#8221;on|desktop&#8221; max_width=&#8221;100%&#8221; max_width_tablet=&#8221;100%&#8221; max_width_last_edited=&#8221;on|desktop&#8221; custom_padding=&#8221;0px||0px|&#8221; make_fullwidth=&#8221;on&#8221; column_structure=&#8221;1_2,1_2&#8243;][et_pb_column type=&#8221;1_2&#8243; _builder_version=&#8221;3.25&#8243; custom_padding=&#8221;|||&#8221; custom_padding__hover=&#8221;|||&#8221;][et_pb_image src=&#8221;http:\/\/balearic-lighthouse.com\/wp-content\/uploads\/2018\/02\/IMG_9113.jpg&#8221; align_tablet=&#8221;center&#8221; align_last_edited=&#8221;on|desktop&#8221; _builder_version=&#8221;3.23&#8243;][\/et_pb_image][\/et_pb_column][et_pb_column type=&#8221;1_2&#8243; _builder_version=&#8221;3.25&#8243; use_background_color_gradient=&#8221;on&#8221; background_color_gradient_start=&#8221;#fcd21d&#8221; background_color_gradient_end=&#8221;rgba(41,196,169,0)&#8221; background_color_gradient_start_position=&#8221;13%&#8221; background_color_gradient_end_position=&#8221;4%&#8221; custom_padding=&#8221;7%|7%|7%|7%&#8221; custom_padding__hover=&#8221;|||&#8221;][et_pb_text admin_label=&#8221;Title&#8221; _builder_version=&#8221;4.4.6&#8243; text_font=&#8221;Montserrat||||||||&#8221; text_text_color=&#8221;#747d88&#8243; text_font_size=&#8221;16px&#8221; text_line_height=&#8221;1.9em&#8221; header_font=&#8221;||||||||&#8221; header_text_align=&#8221;left&#8221; header_2_font=&#8221;Montserrat|700||on|||||&#8221; header_2_font_size=&#8221;42px&#8221; header_2_line_height=&#8221;1.3em&#8221; max_width=&#8221;700px&#8221; module_alignment=&#8221;left&#8221; custom_padding=&#8221;30px||30px|&#8221; animation_style=&#8221;slide&#8221; animation_direction=&#8221;bottom&#8221; animation_intensity_slide=&#8221;4%&#8221; hover_enabled=&#8221;0&#8243; locked=&#8221;off&#8221;]<\/p>\n<h2>INNOVATIONAL PROJECTS<\/h2>\n<p>[\/et_pb_text][et_pb_text admin_label=&#8221;Subtitle&#8221; _builder_version=&#8221;4.4.6&#8243; text_font=&#8221;Montserrat||||&#8221; text_text_color=&#8221;#747d88&#8243; text_font_size=&#8221;16px&#8221; text_line_height=&#8221;1.8em&#8221; header_font=&#8221;||||||||&#8221; max_width=&#8221;700px&#8221; module_alignment=&#8221;left&#8221; custom_margin=&#8221;|||&#8221; custom_padding=&#8221;||20px|&#8221; animation_style=&#8221;slide&#8221; animation_direction=&#8221;bottom&#8221; animation_delay=&#8221;100ms&#8221; animation_intensity_slide=&#8221;4%&#8221; hover_enabled=&#8221;0&#8243; locked=&#8221;off&#8221;]<\/p>\n<p>All our lamps start from a personal and exclusive design thought to create a unique atmosphere in every situation. Committed to the environment, our material works with batteries and the latest wireless LED technology.<br \/>We create unprecedented lighting concepts. From planning to the handcrafted construction and final implementation.<\/p>\n<p>[\/et_pb_text][\/et_pb_column][\/et_pb_row][\/et_pb_section][et_pb_section fb_built=&#8221;1&#8243; make_equal=&#8221;on&#8221; use_custom_gutter=&#8221;on&#8221; gutter_width=&#8221;1&#8243; specialty=&#8221;on&#8221; padding_top_1=&#8221;0px&#8221; admin_label=&#8221;Work Section&#8221; module_class=&#8221; et_pb_specialty_fullwidth&#8221; _builder_version=&#8221;3.22&#8243; background_color=&#8221;#f7f7f7&#8243; inner_width=&#8221;100%&#8221; inner_width_tablet=&#8221;100%&#8221; inner_width_last_edited=&#8221;on|desktop&#8221; inner_max_width=&#8221;100%&#8221; inner_max_width_tablet=&#8221;100%&#8221; inner_max_width_last_edited=&#8221;on|desktop&#8221; custom_padding=&#8221;0px|5%|0px|5%&#8221; make_fullwidth=&#8221;on&#8221;][et_pb_column type=&#8221;1_2&#8243; _builder_version=&#8221;3.25&#8243; custom_padding=&#8221;|||&#8221; custom_padding__hover=&#8221;|||&#8221;][et_pb_image src=&#8221;http:\/\/balearic-lighthouse.com\/wp-content\/uploads\/2018\/02\/1.jpg&#8221; url=&#8221;#&#8221; force_fullwidth=&#8221;on&#8221; align_tablet=&#8221;center&#8221; align_last_edited=&#8221;on|desktop&#8221; _builder_version=&#8221;3.23&#8243; animation_style=&#8221;flip&#8221; animation_intensity_flip=&#8221;30%&#8221; box_shadow_style=&#8221;preset7&#8243; box_shadow_horizontal=&#8221;0px&#8221; box_shadow_vertical=&#8221;0px&#8221; box_shadow_spread=&#8221;10px&#8221; box_shadow_color=&#8221;#f7f7f7&#8243;][\/et_pb_image][\/et_pb_column][et_pb_column type=&#8221;1_2&#8243; specialty_columns=&#8221;2&#8243; _builder_version=&#8221;3.25&#8243; custom_padding=&#8221;|||&#8221; custom_padding__hover=&#8221;|||&#8221;][et_pb_row_inner _builder_version=&#8221;3.25&#8243; custom_padding=&#8221;0px||0px|&#8221;][et_pb_column_inner saved_specialty_column_type=&#8221;1_2&#8243; _builder_version=&#8221;3.25&#8243; custom_padding=&#8221;|||&#8221; custom_padding__hover=&#8221;|||&#8221;][et_pb_image src=&#8221;http:\/\/balearic-lighthouse.com\/wp-content\/uploads\/2018\/02\/2b.jpg&#8221; url=&#8221;#&#8221; force_fullwidth=&#8221;on&#8221; align_tablet=&#8221;center&#8221; align_last_edited=&#8221;on|desktop&#8221; _builder_version=&#8221;3.23&#8243; animation_style=&#8221;flip&#8221; animation_direction=&#8221;right&#8221; animation_intensity_flip=&#8221;30%&#8221; box_shadow_style=&#8221;preset7&#8243; box_shadow_horizontal=&#8221;0px&#8221; box_shadow_vertical=&#8221;0px&#8221; box_shadow_spread=&#8221;10px&#8221; box_shadow_color=&#8221;#f7f7f7&#8243;][\/et_pb_image][\/et_pb_column_inner][\/et_pb_row_inner][et_pb_row_inner _builder_version=&#8221;3.25&#8243; custom_padding=&#8221;0px||0px|&#8221; column_structure=&#8221;1_2,1_2&#8243;][et_pb_column_inner type=&#8221;1_2&#8243; saved_specialty_column_type=&#8221;1_2&#8243; _builder_version=&#8221;3.25&#8243; custom_padding=&#8221;|||&#8221; custom_padding__hover=&#8221;|||&#8221;][et_pb_image src=&#8221;http:\/\/balearic-lighthouse.com\/wp-content\/uploads\/2018\/02\/c3.jpg&#8221; url=&#8221;#&#8221; align_tablet=&#8221;center&#8221; align_last_edited=&#8221;on|desktop&#8221; _builder_version=&#8221;3.23&#8243; animation_style=&#8221;flip&#8221; animation_direction=&#8221;right&#8221; animation_intensity_flip=&#8221;30%&#8221; box_shadow_style=&#8221;preset7&#8243; box_shadow_horizontal=&#8221;0px&#8221; box_shadow_vertical=&#8221;0px&#8221; box_shadow_spread=&#8221;10px&#8221; box_shadow_color=&#8221;#f7f7f7&#8243;][\/et_pb_image][\/et_pb_column_inner][et_pb_column_inner type=&#8221;1_2&#8243; saved_specialty_column_type=&#8221;1_2&#8243; _builder_version=&#8221;3.25&#8243; custom_padding=&#8221;|||&#8221; custom_padding__hover=&#8221;|||&#8221;][et_pb_image src=&#8221;http:\/\/balearic-lighthouse.com\/wp-content\/uploads\/2018\/02\/c1.jpg&#8221; url=&#8221;#&#8221; align_tablet=&#8221;center&#8221; align_last_edited=&#8221;on|desktop&#8221; _builder_version=&#8221;3.23&#8243; animation_style=&#8221;flip&#8221; animation_intensity_flip=&#8221;30%&#8221; box_shadow_style=&#8221;preset7&#8243; box_shadow_horizontal=&#8221;0px&#8221; box_shadow_vertical=&#8221;0px&#8221; box_shadow_spread=&#8221;10px&#8221; box_shadow_color=&#8221;#f7f7f7&#8243;][\/et_pb_image][\/et_pb_column_inner][\/et_pb_row_inner][\/et_pb_column][\/et_pb_section]<\/p>\n","protected":false},"excerpt":{"rendered":"<p>HAND-MADE We give life to our own and innovative projects. Our lighting systems provide a special and unique touch. INNOVATIONAL PROJECTS All our lamps start from a personal and exclusive design thought to create a unique atmosphere in every situation. Committed to the environment, our material works with batteries and the latest wireless LED technology.We [&hellip;]<\/p>\n","protected":false},"author":1,"featured_media":0,"parent":0,"menu_order":0,"comment_status":"closed","ping_status":"closed","template":"","meta":{"_et_pb_use_builder":"on","_et_pb_old_content":"[et_pb_section fb_built=\"1\" background_color=\"#fcd21d\" admin_label=\"Fun Fact Section\" _builder_version=\"3.0.105\" custom_margin=\"|||\" custom_padding=\"60px||71px|\"][et_pb_row custom_margin=\"||40px|\" admin_label=\"Service Section Title\" _builder_version=\"3.0.83\" animation_style=\"fade\" animation_direction=\"top\" saved_tabs=\"all\"][et_pb_column type=\"4_4\" _builder_version=\"3.0.47\" parallax=\"off\" parallax_method=\"on\"][et_pb_text admin_label=\"Title\" _builder_version=\"3.0.83\" text_font=\"Montserrat||||||||\" text_font_size=\"16px\" text_text_color=\"#747d88\" text_line_height=\"1.9em\" header_font=\"||||||||\" header_2_font=\"Montserrat|700||on|||||\" header_2_font_size=\"42px\" header_2_line_height=\"1.3em\" text_orientation=\"center\" max_width=\"700px\" module_alignment=\"center\" animation_style=\"slide\" animation_direction=\"bottom\" animation_intensity_slide=\"4%\"]\n<h2><span style=\"color: #ffffff;\">FABRICACI\u00f3n<\/span>\nartesanal<\/h2>\n[\/et_pb_text][et_pb_text admin_label=\"Subtitle\" _builder_version=\"3.0.83\" text_font=\"Montserrat||||\" text_font_size=\"16px\" text_text_color=\"#353740\" text_line_height=\"1.8em\" header_font=\"||||||||\" text_orientation=\"center\" max_width=\"700px\" module_alignment=\"center\" custom_margin=\"|||\" animation_style=\"slide\" animation_direction=\"bottom\" animation_delay=\"100ms\" animation_intensity_slide=\"4%\"]\n\nDamos vida a proyectos propios e innovadores. Nuestros sistemas de iluminaci\u00f3n aportan un toque especial y \u00fanico.\n\n[\/et_pb_text][\/et_pb_column][\/et_pb_row][\/et_pb_section][et_pb_section fb_built=\"1\" background_color=\"#f7f7f7\" admin_label=\"Latest Work Section\" _builder_version=\"3.0.76\" custom_padding=\"0px||5px|\"][et_pb_row make_fullwidth=\"on\" use_custom_gutter=\"on\" gutter_width=\"1\" custom_padding=\"0px||0px|\" padding_top_2=\"7%\" padding_right_2=\"7%\" padding_bottom_2=\"7%\" padding_left_2=\"7%\" background_blend_1=\"normal\" use_background_color_gradient_1=\"off\" use_background_color_gradient_2=\"on\" background_color_gradient_start_1=\"#fcd21d\" background_color_gradient_start_2=\"#fcd21d\" background_color_gradient_end_1=\"#fcd21d\" background_color_gradient_end_2=\"rgba(41,196,169,0)\" background_color_gradient_start_position_2=\"13%\" background_color_gradient_end_position_2=\"4%\" background_color_gradient_overlays_image_2=\"off\" admin_label=\"Feature\" _builder_version=\"3.0.105\"][et_pb_column type=\"1_2\" _builder_version=\"3.0.47\" parallax=\"off\" parallax_method=\"on\" background_blend=\"normal\" use_background_color_gradient=\"off\" background_color_gradient_start=\"#fcd21d\" background_color_gradient_end=\"#fcd21d\"][et_pb_image src=\"http:\/\/balearic-lighthouse.com\/wp-content\/uploads\/2018\/02\/IMG_9113.jpg\" _builder_version=\"3.0.105\"][\/et_pb_image][\/et_pb_column][et_pb_column type=\"1_2\" _builder_version=\"3.0.47\" padding_bottom=\"7%\" padding_left=\"7%\" padding_right=\"7%\" padding_top=\"7%\" parallax=\"off\" parallax_method=\"on\" use_background_color_gradient=\"on\" background_color_gradient_start=\"#fcd21d\" background_color_gradient_end=\"rgba(41,196,169,0)\" background_color_gradient_start_position=\"13%\" background_color_gradient_end_position=\"4%\" background_color_gradient_overlays_image=\"off\"][et_pb_text admin_label=\"Title\" _builder_version=\"3.0.105\" text_font=\"Montserrat||||||||\" text_font_size=\"16px\" text_text_color=\"#747d88\" text_line_height=\"1.9em\" header_font=\"||||||||\" header_text_align=\"left\" header_2_font=\"Montserrat|700||on|||||\" header_2_font_size=\"42px\" header_2_line_height=\"1.3em\" max_width=\"700px\" module_alignment=\"left\" custom_padding=\"30px||30px|\" animation_style=\"slide\" animation_direction=\"bottom\" animation_intensity_slide=\"4%\" locked=\"off\"]\n<h2>PROYECTOS INNOVADORES<\/h2>\n[\/et_pb_text][et_pb_text admin_label=\"Subtitle\" _builder_version=\"3.0.105\" text_font=\"Montserrat||||\" text_font_size=\"16px\" text_text_color=\"#747d88\" text_line_height=\"1.8em\" header_font=\"||||||||\" max_width=\"700px\" module_alignment=\"left\" custom_margin=\"|||\" custom_padding=\"||20px|\" animation_style=\"slide\" animation_direction=\"bottom\" animation_delay=\"100ms\" animation_intensity_slide=\"4%\" locked=\"off\"]<span style=\"font-weight: 400;\">Todas nuestras l\u00e1mparas parten de un dise\u00f1o propio y exclusivo pensado para crear un ambiente \u00fanico en cada situaci\u00f3n. Comprometidos con &nbsp;el medio ambiente, nuestro material funciona con bater\u00edas y la \u00faltima tecnolog\u00eda LED<i> wireless<\/i><\/span>\n\n<span style=\"font-weight: 400;\">Creamos conceptos de iluminaci\u00f3n sin precedentes. Desde la planificaci\u00f3n hasta la construcci\u00f3n artesanal y la implementaci\u00f3n final.<\/span>[\/et_pb_text][\/et_pb_column][\/et_pb_row][\/et_pb_section][et_pb_section fb_built=\"1\" background_color=\"#f7f7f7\" make_fullwidth=\"on\" make_equal=\"on\" use_custom_gutter=\"on\" gutter_width=\"1\" specialty=\"on\" padding_top_1=\"0px\" admin_label=\"Work Section\" _builder_version=\"3.0.83\" custom_padding=\"0px|5%|0px|5%\"][et_pb_column type=\"1_2\" _builder_version=\"3.0.47\" padding_top=\"0px\" parallax=\"off\" parallax_method=\"on\"][et_pb_image src=\"http:\/\/balearic-lighthouse.com\/wp-content\/uploads\/2018\/02\/1.jpg\" url=\"#\" force_fullwidth=\"on\" _builder_version=\"3.0.105\" animation_style=\"flip\" animation_intensity_flip=\"30%\" box_shadow_style=\"preset7\" box_shadow_horizontal=\"0px\" box_shadow_vertical=\"0px\" box_shadow_spread=\"10px\" box_shadow_color=\"#f7f7f7\"][\/et_pb_image][\/et_pb_column][et_pb_column type=\"1_2\" specialty_columns=\"2\" _builder_version=\"3.0.47\" parallax=\"off\" parallax_method=\"on\"][et_pb_row_inner custom_padding=\"0px||0px|\" _builder_version=\"3.0.76\"][et_pb_column_inner type=\"4_4\" saved_specialty_column_type=\"1_2\" _builder_version=\"3.0.47\" box_shadow_position=\"outer\" parallax=\"off\" parallax_method=\"on\"][et_pb_image src=\"http:\/\/balearic-lighthouse.com\/wp-content\/uploads\/2018\/02\/2b.jpg\" url=\"#\" force_fullwidth=\"on\" _builder_version=\"3.0.105\" animation_style=\"flip\" animation_direction=\"right\" animation_intensity_flip=\"30%\" box_shadow_style=\"preset7\" box_shadow_horizontal=\"0px\" box_shadow_vertical=\"0px\" box_shadow_spread=\"10px\" box_shadow_color=\"#f7f7f7\"][\/et_pb_image][\/et_pb_column_inner][\/et_pb_row_inner][et_pb_row_inner custom_padding=\"0px||0px|\" _builder_version=\"3.0.76\"][et_pb_column_inner type=\"1_2\" saved_specialty_column_type=\"1_2\" _builder_version=\"3.0.47\" box_shadow_position=\"outer\" parallax=\"off\" parallax_method=\"on\"][et_pb_image src=\"http:\/\/balearic-lighthouse.com\/wp-content\/uploads\/2018\/02\/c3.jpg\" url=\"#\" _builder_version=\"3.0.105\" animation_style=\"flip\" animation_direction=\"right\" animation_intensity_flip=\"30%\" box_shadow_style=\"preset7\" box_shadow_horizontal=\"0px\" box_shadow_vertical=\"0px\" box_shadow_spread=\"10px\" box_shadow_color=\"#f7f7f7\"][\/et_pb_image][\/et_pb_column_inner][et_pb_column_inner type=\"1_2\" saved_specialty_column_type=\"1_2\" _builder_version=\"3.0.47\" box_shadow_position=\"outer\" parallax=\"off\" parallax_method=\"on\"][et_pb_image src=\"http:\/\/balearic-lighthouse.com\/wp-content\/uploads\/2018\/02\/c1.jpg\" url=\"#\" _builder_version=\"3.0.105\" animation_style=\"flip\" animation_intensity_flip=\"30%\" box_shadow_style=\"preset7\" box_shadow_horizontal=\"0px\" box_shadow_vertical=\"0px\" box_shadow_spread=\"10px\" box_shadow_color=\"#f7f7f7\"][\/et_pb_image][\/et_pb_column_inner][\/et_pb_row_inner][\/et_pb_column][\/et_pb_section]","_et_gb_content_width":"","footnotes":""},"class_list":["post-892","page","type-page","status-publish","hentry"],"_links":{"self":[{"href":"https:\/\/balearic-lighthouse.com\/en\/wp-json\/wp\/v2\/pages\/892","targetHints":{"allow":["GET"]}}],"collection":[{"href":"https:\/\/balearic-lighthouse.com\/en\/wp-json\/wp\/v2\/pages"}],"about":[{"href":"https:\/\/balearic-lighthouse.com\/en\/wp-json\/wp\/v2\/types\/page"}],"author":[{"embeddable":true,"href":"https:\/\/balearic-lighthouse.com\/en\/wp-json\/wp\/v2\/users\/1"}],"replies":[{"embeddable":true,"href":"https:\/\/balearic-lighthouse.com\/en\/wp-json\/wp\/v2\/comments?post=892"}],"version-history":[{"count":4,"href":"https:\/\/balearic-lighthouse.com\/en\/wp-json\/wp\/v2\/pages\/892\/revisions"}],"predecessor-version":[{"id":898,"href":"https:\/\/balearic-lighthouse.com\/en\/wp-json\/wp\/v2\/pages\/892\/revisions\/898"}],"wp:attachment":[{"href":"https:\/\/balearic-lighthouse.com\/en\/wp-json\/wp\/v2\/media?parent=892"}],"curies":[{"name":"wp","href":"https:\/\/api.w.org\/{rel}","templated":true}]}}